{"id":10428,"date":"2025-02-15T17:59:18","date_gmt":"2025-02-15T16:59:18","guid":{"rendered":"https:\/\/unisphere.ucly.fr\/?page_id=10428"},"modified":"2025-02-25T20:31:27","modified_gmt":"2025-02-25T19:31:27","slug":"adherer-deviens-membre-et-rejoins-lequipe-dunisphere","status":"publish","type":"page","link":"https:\/\/unisphere.ucly.fr\/en\/adherer-deviens-membre-et-rejoins-lequipe-dunisphere\/","title":{"rendered":"Adh\u00e9rer"},"content":{"rendered":"<h2 class=\"wp-block-heading\">Rejoins l'\u00e9quipe d'Unisph\u00e8re !<\/h2><p><strong>Envie de participer \u00e0 une radio \u00e9tudiante engag\u00e9e?<\/strong> Que tu aies un talent pour l'animation, l'\u00e9criture ou la technique, c'est le moment de t'impliquer et de vivre une exp\u00e9rience enrichissante. Rejoins-nous et participe \u00e0 la cr\u00e9ation de contenus qui animent le campus!<\/p><div class=\"wp-block-text-image\">\n  <div class=\"row align-bottom collapse\">\n    <div class=\"column small-12 medium-6 xlarge-5 xxlarge-expand wp-block-text-image-info js-fade-scroll\">\n      <p class=\"wp-block-text-image-title\">Comment adh\u00e9rer \u00e0 l'association Unisph\u00e8re ?<\/p>\n      <div class=\"wp-block-text-image-intro\"><p>Pour devenir membre de <strong>Unisph\u00e8re<\/strong>, il te suffit de suivre ces \u00e9tapes simples:<\/p>\n<ul>\n<li><strong>Inscription lors des journ\u00e9es des associations<\/strong> : Chaque d\u00e9but d&#8217;ann\u00e9e, tu peux t&#8217;inscrire lors des journ\u00e9es des association organis\u00e9es sur les diff\u00e9rents campus de l&#8217;Ucly.<\/li>\n<li><strong>Ou par e-mail<\/strong> : Si tu ne peux pas participer, envoie une demande par e-mail (depuis ton compte \u00e9tudiant outlook) \u00e0 radio.unisph\u00e8re@outlook.com et nous te r\u00e9pondrons dans les meilleurs d\u00e9lais.<\/li>\n<\/ul>\n<\/div>\n    <\/div>\n\n    <div class=\"column small-12 medium-6 xlarge-7 xxlarge-shrink wp-block-text-image-picture js-fade-scroll\">\n      <img loading=\"lazy\" decoding=\"async\" width=\"810\" height=\"560\" src=\"https:\/\/unisphere.ucly.fr\/wp-content\/uploads\/sites\/30\/2024\/04\/99abb95b-1293-454e-b90d-34fa1276073c-810x560.jpg\" class=\"attachment-text_image size-text_image\" alt=\"cinq \u00e9tudiants autour d&#039;une table dot\u00e9 de micro. Ils sourient en levant le pouce.\" \/>    <\/div>\n  <\/div>\n<\/div><p>Une fois membre, tu t'engages \u00e0 produire au moins une \u00e9mission, que tu sois technicien ou animateur. Nous organiserons aussi des r\u00e9unions pour mieux nous connaitre et \u00e9changer!<\/p><p><strong>Documents n\u00e9cessaires<\/strong> :<\/p><ul class=\"wp-block-list\"><li>Aucun document administratif n'est requis pour l'inscription.<\/li>\n\n<li>Juste une passion pour la radio et l'envie de t'impliquer!<\/li><\/ul><h2 class=\"wp-block-heading\">Tes questions, nos r\u00e9ponses !<\/h2><div class=\"wp-block-faq js-fade-scroll\">\n  <p class=\"wp-block-faq-title\">FAQ<\/p>\n\n      <ul class=\"accordion\" data-accordion data-allow-all-closed=\"true\">\n              <li class=\"accordion-item\" data-accordion-item>\n          <a href=\"#\" class=\"accordion-title\">Qu'est-ce que Unisph\u00e8re peut m'apporter ?<\/a>\n          <div class=\"accordion-content\" data-tab-content><p>Rejoindre Unisph\u00e8re, c&#8217;est bien plus qu&#8217;animer une \u00e9mission!<\/p>\n<ul>\n<li>Tu b\u00e9n\u00e9ficieras de <strong>formations techniques<\/strong> sur la<strong> table de mixage<\/strong> et les <strong>micros<\/strong>, dispens\u00e9es par des <strong>journalistes professionnels de RCF<\/strong>. En plus, la radio peut te mettre en contact avec des pros du milieu pour des<strong> stages<\/strong>.<\/li>\n<\/ul>\n<p>&nbsp;<\/p>\n<ul>\n<li>Certaines facult\u00e9s de l&#8217;<strong>UCLy<\/strong> souhaitent <strong>valoriser l&#8217;engagement \u00e9tudiant<\/strong>, dont ta participation au sein d&#8217;Unisph\u00e8re ! Si tu t&#8217;y inscris au d\u00e9but du semestre tu peux <strong>avoir des points en plus sur ta moyenne g\u00e9n\u00e9rale<\/strong>.<\/li>\n<\/ul>\n<p>&nbsp;<\/p>\n<ul>\n<li>Unisph\u00e8re, c&#8217;est aussi l&#8217;occasion de d\u00e9velopper des <strong>comp\u00e9tences clefs<\/strong> comme <strong>la prise de parole<\/strong>, l<strong>&#8216;expression<\/strong>, l<strong>&#8216;organisation<\/strong> et le <strong>travail d&#8217;\u00e9quipe<\/strong>. En tant que membre tu pourras aussi <strong>repr\u00e9senter la radio<\/strong> en accueillant une \u00e9preuve du <strong>Challenge inter-\u00e9coles<\/strong>, un moment fort de la vie \u00e9tudiante!<\/li>\n<\/ul>\n<\/div>\n        <\/li>\n              <li class=\"accordion-item\" data-accordion-item>\n          <a href=\"#\" class=\"accordion-title\">Faut-il des comp\u00e9tences particuli\u00e8res pour rejoindre Unisph\u00e8re ?<\/a>\n          <div class=\"accordion-content\" data-tab-content><p><strong>Pas du tout !<\/strong> Peu importe ta fili\u00e8re ou ton exp\u00e9rience, si tu as envie de rejoindre l&#8217;association, tu es le bienvenu. Que tu sois \u00e0 l&#8217;aise derri\u00e8re le micro, curieux de d\u00e9couvrir le montage ou juste motiv\u00e9 \u00e0 participer, il y a une place pour toi!<\/p>\n<p><strong>En plus, pas besoin de mat\u00e9riel<\/strong> : on enregistre dans les locaux de la radio RCF, qui nous pr\u00eate tout l&#8217;\u00e9quipement n\u00e9cessaire. La seule condition ? \u00catre \u00e9tudiant \u00e0 l&#8217;UCLy, que tu sois en cursus classique ou en \u00e9change.<\/p>\n<\/div>\n        <\/li>\n              <li class=\"accordion-item\" data-accordion-item>\n          <a href=\"#\" class=\"accordion-title\">Quels r\u00f4les peut-on occuper au sein d'Unisph\u00e8re ?<\/a>\n          <div class=\"accordion-content\" data-tab-content><p>Tu peux \u00eatre <strong>animateur, monteur<\/strong> ou <strong>technicien<\/strong>, selon tes envies ! Ces r\u00f4les sont essentiels et tu peux changer ou en essayer plusieurs sur diff\u00e9rentes \u00e9missions. Tu peux \u00e9galement <strong>cr\u00e9er ta propre \u00e9mission<\/strong> si le sujet qui t&#8217;int\u00e9resse n&#8217;est pas encore couvert!<\/p>\n<p>Tu peux \u00e9galement rejoindre le <strong>bureau<\/strong> (pr\u00e9sident, vice-pr\u00e9sident, tr\u00e9sorier, secr\u00e9taire, ou responsable communication, partenariats ou publications). Les candidatures sont ouverte en d\u00e9but d&#8217;ann\u00e9e \u00e0 ceux qui souhaitent faire grandir l&#8217;asso!<\/p>\n<\/div>\n        <\/li>\n              <li class=\"accordion-item\" data-accordion-item>\n          <a href=\"#\" class=\"accordion-title\">Quels sont mes engagements en tant que membre ?<\/a>\n          <div class=\"accordion-content\" data-tab-content><p>Pas de panique ! L&#8217;engagement principal est assez simple : il faut <strong>assister \u00e0 la r\u00e9union de d\u00e9but d&#8217;ann\u00e9e<\/strong> et <strong>r\u00e9aliser au moins une \u00e9mission par an<\/strong>. C&#8217;est vraiment l\u00e9ger et \u00e7a permet quand-m\u00eame de t&#8217;impliquer. Les \u00e9missions sont publi\u00e9e au fil de l&#8217;eau donc tu peux choisir le moment qui te plait pour te produire.<\/p>\n<p>Si tu as envie de t&#8217;investir plus, tu peux aussi participer \u00e0 nos <strong>\u00e9v\u00e9nements de rencontre<\/strong> ou \u00e0 nos <strong>projet communs<\/strong>.<\/p>\n<p>&nbsp;<\/p>\n<\/div>\n        <\/li>\n              <li class=\"accordion-item\" data-accordion-item>\n          <a href=\"#\" class=\"accordion-title\">Comment \u00e7a se passe, l'enregistrement d'une \u00e9mission ?<\/a>\n          <div class=\"accordion-content\" data-tab-content><p>Pas d&#8217;inqui\u00e9tude, tout est super simple ! Voici les grandes \u00e9tapes pour enregistrer ta chronique :<\/p>\n<p>1. <strong>Pr\u00e9parer ton \u00e9mission :<\/strong> Avant tout, il faut avoir une id\u00e9e claire du sujet et la mani\u00e8re dont tu veux le pr\u00e9senter (avec ou sans script). si tu veux inviter quelqu&#8217;un, c&#8217;est possible, m\u00eame en dehors de l&#8217;universit\u00e9! Pense juste \u00e0 demander un <strong>pass temporaire<\/strong> via ton compte <strong>Cerberos<\/strong> pour que tes invit\u00e9s puissent entrer sur le campus.<\/p>\n<p>2. <strong>R\u00e9server ton cr\u00e9neau<\/strong> : Les enregistrements se font dans les studios de RCF, situ\u00e9s au <strong>5e \u00e9tage du b\u00e2timent F sur le campus Saint-Paul<\/strong>. Pour r\u00e9server, il suffit de contacter<strong> Noah Mamola<\/strong> (via outlook ou whatsapp), notre responsable technique, et de choisir un cr\u00e9neau parmi ceux disponibles: <strong>Lundi, Mercredi ou Vendredi de 17h \u00e0 20h<\/strong>.<\/p>\n<p>3.<strong> Passer \u00e0 l&#8217;enregistrement<\/strong> : Le jour J, tu peux compter sur un technicien ou g\u00e9rer la technique toi-m\u00eame. Tu es libre d&#8217;enregistrer dans la langue de ton choix et d&#8217;exprimer ta cr\u00e9ativit\u00e9, tant que tu respectes <strong>les r\u00e8gles d&#8217;Unisph\u00e8re<\/strong> (pas d&#8217;insultes ou de propos discriminatoires).<\/p>\n<p>4.<strong> Faire le montage<\/strong> : Une fois l&#8217;enregistrement termin\u00e9, c&#8217;est \u00e0 toi (ou ton monteur\/monteuse) de finaliser l&#8217;audio. <strong>Audacity<\/strong> est un super outil, simple, intuitif, qu&#8217;on te recommande !<\/p>\n<p>5. <strong>Envoyer pour publication<\/strong> : Il ne te reste plus qu&#8217;\u00e0 partager ta chronique sur<strong> le groupe WhatApp<\/strong> des responsable de publication et de communication (tu y es ajout\u00e9 \u00e0 ton inscription). Pense \u00e0 pr\u00e9ciser ton nom, ceux des autres participants et, si possible ajoute une petite photo pris lors de l&#8217;\u00e9mission.<\/p>\n<p>Et voil\u00e0, ton \u00e9mission est pr\u00eate \u00e0 \u00eatre diffus\u00e9e !<\/p>\n<p><strong>Liens Utiles<\/strong> :<\/p>\n<ul>\n<li>Pour construire une \u00e9mission :<a href=\"http:\/\/laboite.fm\/wp_laboite\/wp-content\/uploads\/2013\/08\/Manuel-didactique-Livre1.pdf\"><em> Manuel didactique : petit guide \u00e0 l&#8217;attention du jeune reporter<\/em><\/a><\/li>\n<li>T\u00e9l\u00e9charger Audacity : <a href=\"https:\/\/audacity.fr.softonic.com\/\">Audacity &#8211; Logiciel de montage audio<\/a><\/li>\n<li>S&#8217;initier \u00e0 Audacity : <a href=\"https:\/\/www.youtube.com\/watch?v=EBeOYyG5LDI&amp;t=163s\">Comment utiliser Audacity &#8211; Tuto d\u00e9butant<\/a><\/li>\n<\/ul>\n<\/div>\n        <\/li>\n          <\/ul>\n  <\/div><div class=\"wp-block-mosaic-medias js-fade-scroll\">\n  <p class=\"wp-block-mosaic-medias-title\">Nous avons h\u00e2te de t'accueillir dans notre \u00e9quipe!<\/p>\n\n      <div class=\"row wp-block-mosaic-medias-row\">\n              <div class=\"column small-12 medium-6 large-4 wp-block-mosaic-medias-col\">\n                      <a href=\"https:\/\/unisphere.ucly.fr\/wp-content\/uploads\/sites\/30\/2024\/04\/photo-2024-03-18-21-59-31.jpg\" class=\"glightbox\" data-title=\"\">\n                      <img loading=\"lazy\" decoding=\"async\" width=\"550\" height=\"366\" src=\"https:\/\/unisphere.ucly.fr\/wp-content\/uploads\/sites\/30\/2024\/04\/photo-2024-03-18-21-59-31-550x366.jpg\" class=\"wp-block-mosaic-medias-image\" alt=\"\" \/>          <\/a>\n                  <\/div>\n              <div class=\"column small-12 medium-6 large-4 wp-block-mosaic-medias-col\">\n                      <a href=\"https:\/\/unisphere.ucly.fr\/wp-content\/uploads\/sites\/30\/2023\/03\/photo-au-pif-.jpg\" class=\"glightbox\" data-title=\"\">\n                      <img loading=\"lazy\" decoding=\"async\" width=\"550\" height=\"366\" src=\"https:\/\/unisphere.ucly.fr\/wp-content\/uploads\/sites\/30\/2023\/03\/photo-au-pif--550x366.jpg\" class=\"wp-block-mosaic-medias-image\" alt=\"\" \/>          <\/a>\n                  <\/div>\n              <div class=\"column small-12 medium-6 large-4 wp-block-mosaic-medias-col\">\n                      <a href=\"https:\/\/unisphere.ucly.fr\/wp-content\/uploads\/sites\/30\/2023\/02\/img_1532-1-scaled.jpg\" class=\"glightbox\" data-title=\"\">\n                      <img loading=\"lazy\" decoding=\"async\" width=\"550\" height=\"366\" src=\"https:\/\/unisphere.ucly.fr\/wp-content\/uploads\/sites\/30\/2023\/02\/img_1532-1-550x366.jpg\" class=\"wp-block-mosaic-medias-image\" alt=\"\" \/>          <\/a>\n                  <\/div>\n              <div class=\"column small-12 medium-6 large-4 wp-block-mosaic-medias-col\">\n                      <a href=\"https:\/\/unisphere.ucly.fr\/wp-content\/uploads\/sites\/30\/2023\/02\/83f88283-3dd8-4141-9650-ef09033358ca-2.jpg\" class=\"glightbox\" data-title=\"\">\n                      <img loading=\"lazy\" decoding=\"async\" width=\"550\" height=\"366\" src=\"https:\/\/unisphere.ucly.fr\/wp-content\/uploads\/sites\/30\/2023\/02\/83f88283-3dd8-4141-9650-ef09033358ca-2-550x366.jpg\" class=\"wp-block-mosaic-medias-image\" alt=\"\" \/>          <\/a>\n                  <\/div>\n              <div class=\"column small-12 medium-6 large-4 wp-block-mosaic-medias-col\">\n                      <a href=\"https:\/\/unisphere.ucly.fr\/wp-content\/uploads\/sites\/30\/2023\/02\/331190341_1892115741133301_8015509629206107983_n.jpg\" class=\"glightbox\" data-title=\"\">\n                      <img loading=\"lazy\" decoding=\"async\" width=\"360\" height=\"366\" src=\"https:\/\/unisphere.ucly.fr\/wp-content\/uploads\/sites\/30\/2023\/02\/331190341_1892115741133301_8015509629206107983_n-360x366.jpg\" class=\"wp-block-mosaic-medias-image\" alt=\"\" \/>          <\/a>\n                  <\/div>\n              <div class=\"column small-12 medium-6 large-4 wp-block-mosaic-medias-col\">\n                      <a href=\"https:\/\/unisphere.ucly.fr\/wp-content\/uploads\/sites\/30\/2023\/02\/img_1558-1-scaled.jpg\" class=\"glightbox\" data-title=\"\">\n                      <img loading=\"lazy\" decoding=\"async\" width=\"550\" height=\"366\" src=\"https:\/\/unisphere.ucly.fr\/wp-content\/uploads\/sites\/30\/2023\/02\/img_1558-1-550x366.jpg\" class=\"wp-block-mosaic-medias-image\" alt=\"\" \/>          <\/a>\n                  <\/div>\n              <div class=\"column small-12 medium-6 large-4 wp-block-mosaic-medias-col\">\n                      <a href=\"https:\/\/unisphere.ucly.fr\/wp-content\/uploads\/sites\/30\/2023\/01\/img_4797-scaled.jpg\" class=\"glightbox\" data-title=\"\">\n                      <img loading=\"lazy\" decoding=\"async\" width=\"550\" height=\"366\" src=\"https:\/\/unisphere.ucly.fr\/wp-content\/uploads\/sites\/30\/2023\/01\/img_4797-550x366.jpg\" class=\"wp-block-mosaic-medias-image\" alt=\"\" \/>          <\/a>\n                  <\/div>\n              <div class=\"column small-12 medium-6 large-4 wp-block-mosaic-medias-col\">\n                      <a href=\"https:\/\/unisphere.ucly.fr\/wp-content\/uploads\/sites\/30\/2023\/01\/img_1427-2-scaled.jpg\" class=\"glightbox\" data-title=\"\">\n                      <img loading=\"lazy\" decoding=\"async\" width=\"550\" height=\"366\" src=\"https:\/\/unisphere.ucly.fr\/wp-content\/uploads\/sites\/30\/2023\/01\/img_1427-2-550x366.jpg\" class=\"wp-block-mosaic-medias-image\" alt=\"\" \/>          <\/a>\n                  <\/div>\n              <div class=\"column small-12 medium-6 large-4 wp-block-mosaic-medias-col\">\n                      <a href=\"https:\/\/unisphere.ucly.fr\/wp-content\/uploads\/sites\/30\/2023\/01\/ac400ab9-cc01-4d6c-ad65-28fc1173791f-1.jpeg\" class=\"glightbox\" data-title=\"\">\n                      <img loading=\"lazy\" decoding=\"async\" width=\"550\" height=\"366\" src=\"https:\/\/unisphere.ucly.fr\/wp-content\/uploads\/sites\/30\/2023\/01\/ac400ab9-cc01-4d6c-ad65-28fc1173791f-1-550x366.jpeg\" class=\"wp-block-mosaic-medias-image\" alt=\"\" \/>          <\/a>\n                  <\/div>\n          <\/div>\n  <\/div>","protected":false},"excerpt":{"rendered":"<p>Rejoins l&#8217;\u00e9quipe d&#8217;Unisph\u00e8re !Envie de participer \u00e0 une radio \u00e9tudiante engag\u00e9e? Que tu aies un talent pour l&#8217;animation, l&#8217;\u00e9criture ou la technique, c&#8217;est le [&hellip;]<\/p>\n","protected":false},"author":270,"featured_media":10523,"parent":0,"menu_order":5,"comment_status":"closed","ping_status":"closed","template":"","meta":{"_acf_changed":false,"footnotes":""},"class_list":["post-10428","page","type-page","status-publish","has-post-thumbnail","hentry"],"acf":[],"yoast_head":"<!-- This site is optimized with the Yoast SEO plugin v24.1 - https:\/\/yoast.com\/wordpress\/plugins\/seo\/ -->\n<title>Adh\u00e9rer - Unisph\u00e8re viens membre %Radio %Engagement \u00e9tudiant %RCF<\/title>\n<meta name=\"description\" content=\"Adh\u00e9rer - Rejoins l&#039;\u00e9quipe d&#039;Unisph\u00e8re ! C&#039;est le moment de t&#039;impliquer et de vivre une exp\u00e9rience enrichissante et de faire ton \u00e9mission.\" \/>\n<meta name=\"robots\" content=\"index, follow, max-snippet:-1, max-image-preview:large, max-video-preview:-1\" \/>\n<link rel=\"canonical\" href=\"https:\/\/unisphere.ucly.fr\/en\/adherer-deviens-membre-et-rejoins-lequipe-dunisphere\/\" \/>\n<meta property=\"og:locale\" content=\"en_US\" \/>\n<meta property=\"og:type\" content=\"article\" \/>\n<meta property=\"og:title\" content=\"Adh\u00e9rer - Unisph\u00e8re viens membre %Radio %Engagement \u00e9tudiant %RCF\" \/>\n<meta property=\"og:description\" content=\"Adh\u00e9rer - Rejoins l&#039;\u00e9quipe d&#039;Unisph\u00e8re ! C&#039;est le moment de t&#039;impliquer et de vivre une exp\u00e9rience enrichissante et de faire ton \u00e9mission.\" \/>\n<meta property=\"og:url\" content=\"https:\/\/unisphere.ucly.fr\/en\/adherer-deviens-membre-et-rejoins-lequipe-dunisphere\/\" \/>\n<meta property=\"og:site_name\" content=\"Unisph\u00e8re\" \/>\n<meta property=\"article:modified_time\" content=\"2025-02-25T19:31:27+00:00\" \/>\n<meta property=\"og:image\" content=\"https:\/\/unisphere.ucly.fr\/wp-content\/uploads\/sites\/30\/2025\/02\/brooke-cagle-uhvrvdr7pg-unsplash-1920x576.jpg\" \/>\n\t<meta property=\"og:image:width\" content=\"2560\" \/>\n\t<meta property=\"og:image:height\" content=\"1707\" \/>\n\t<meta property=\"og:image:type\" content=\"image\/jpeg\" \/>\n<meta name=\"twitter:card\" content=\"summary_large_image\" \/>\n<meta name=\"twitter:label1\" content=\"Est. reading time\" \/>\n\t<meta name=\"twitter:data1\" content=\"1 minute\" \/>\n<script type=\"application\/ld+json\" class=\"yoast-schema-graph\">{\"@context\":\"https:\/\/schema.org\",\"@graph\":[{\"@type\":\"WebPage\",\"@id\":\"https:\/\/unisphere.ucly.fr\/en\/adherer-deviens-membre-et-rejoins-lequipe-dunisphere\/\",\"url\":\"https:\/\/unisphere.ucly.fr\/en\/adherer-deviens-membre-et-rejoins-lequipe-dunisphere\/\",\"name\":\"Adh\u00e9rer - Unisph\u00e8re viens membre %Radio %Engagement \u00e9tudiant %RCF\",\"isPartOf\":{\"@id\":\"https:\/\/unisphere.ucly.fr\/en\/#website\"},\"primaryImageOfPage\":{\"@id\":\"https:\/\/unisphere.ucly.fr\/en\/adherer-deviens-membre-et-rejoins-lequipe-dunisphere\/#primaryimage\"},\"image\":{\"@id\":\"https:\/\/unisphere.ucly.fr\/en\/adherer-deviens-membre-et-rejoins-lequipe-dunisphere\/#primaryimage\"},\"thumbnailUrl\":\"https:\/\/unisphere.ucly.fr\/wp-content\/uploads\/sites\/30\/2025\/02\/brooke-cagle-uhvrvdr7pg-unsplash-1920x576.jpg\",\"datePublished\":\"2025-02-15T16:59:18+00:00\",\"dateModified\":\"2025-02-25T19:31:27+00:00\",\"description\":\"Adh\u00e9rer - Rejoins l'\u00e9quipe d'Unisph\u00e8re ! C'est le moment de t'impliquer et de vivre une exp\u00e9rience enrichissante et de faire ton \u00e9mission.\",\"breadcrumb\":{\"@id\":\"https:\/\/unisphere.ucly.fr\/en\/adherer-deviens-membre-et-rejoins-lequipe-dunisphere\/#breadcrumb\"},\"inLanguage\":\"en-US\",\"potentialAction\":[{\"@type\":\"ReadAction\",\"target\":[\"https:\/\/unisphere.ucly.fr\/en\/adherer-deviens-membre-et-rejoins-lequipe-dunisphere\/\"]}]},{\"@type\":\"ImageObject\",\"inLanguage\":\"en-US\",\"@id\":\"https:\/\/unisphere.ucly.fr\/en\/adherer-deviens-membre-et-rejoins-lequipe-dunisphere\/#primaryimage\",\"url\":\"https:\/\/unisphere.ucly.fr\/wp-content\/uploads\/sites\/30\/2025\/02\/brooke-cagle-uhvrvdr7pg-unsplash-1920x576.jpg\",\"contentUrl\":\"https:\/\/unisphere.ucly.fr\/wp-content\/uploads\/sites\/30\/2025\/02\/brooke-cagle-uhvrvdr7pg-unsplash-1920x576.jpg\",\"width\":2560,\"height\":1707},{\"@type\":\"BreadcrumbList\",\"@id\":\"https:\/\/unisphere.ucly.fr\/en\/adherer-deviens-membre-et-rejoins-lequipe-dunisphere\/#breadcrumb\",\"itemListElement\":[{\"@type\":\"ListItem\",\"position\":1,\"name\":\"Accueil\",\"item\":\"https:\/\/unisphere.ucly.fr\/en\/\"},{\"@type\":\"ListItem\",\"position\":2,\"name\":\"Adh\u00e9rer\"}]},{\"@type\":\"WebSite\",\"@id\":\"https:\/\/unisphere.ucly.fr\/en\/#website\",\"url\":\"https:\/\/unisphere.ucly.fr\/en\/\",\"name\":\"Unisph\u00e8re\",\"description\":\"\",\"publisher\":{\"@id\":\"https:\/\/unisphere.ucly.fr\/en\/#organization\"},\"potentialAction\":[{\"@type\":\"SearchAction\",\"target\":{\"@type\":\"EntryPoint\",\"urlTemplate\":\"https:\/\/unisphere.ucly.fr\/en\/?s={search_term_string}\"},\"query-input\":{\"@type\":\"PropertyValueSpecification\",\"valueRequired\":true,\"valueName\":\"search_term_string\"}}],\"inLanguage\":\"en-US\"},{\"@type\":\"Organization\",\"@id\":\"https:\/\/unisphere.ucly.fr\/en\/#organization\",\"name\":\"Unisph\u00e8re\",\"url\":\"https:\/\/unisphere.ucly.fr\/en\/\",\"logo\":{\"@type\":\"ImageObject\",\"inLanguage\":\"en-US\",\"@id\":\"https:\/\/unisphere.ucly.fr\/en\/#\/schema\/logo\/image\/\",\"url\":\"https:\/\/unisphere.ucly.fr\/wp-content\/uploads\/sites\/30\/2020\/03\/unisphere-micro.png\",\"contentUrl\":\"https:\/\/unisphere.ucly.fr\/wp-content\/uploads\/sites\/30\/2020\/03\/unisphere-micro.png\",\"width\":512,\"height\":512,\"caption\":\"Unisph\u00e8re\"},\"image\":{\"@id\":\"https:\/\/unisphere.ucly.fr\/en\/#\/schema\/logo\/image\/\"}}]}<\/script>\n<!-- \/ Yoast SEO plugin. -->","yoast_head_json":{"title":"Adh\u00e9rer - Unisph\u00e8re viens membre %Radio %Engagement \u00e9tudiant %RCF","description":"Adh\u00e9rer - Rejoins l'\u00e9quipe d'Unisph\u00e8re ! C'est le moment de t'impliquer et de vivre une exp\u00e9rience enrichissante et de faire ton \u00e9mission.","robots":{"index":"index","follow":"follow","max-snippet":"max-snippet:-1","max-image-preview":"max-image-preview:large","max-video-preview":"max-video-preview:-1"},"canonical":"https:\/\/unisphere.ucly.fr\/en\/adherer-deviens-membre-et-rejoins-lequipe-dunisphere\/","og_locale":"en_US","og_type":"article","og_title":"Adh\u00e9rer - Unisph\u00e8re viens membre %Radio %Engagement \u00e9tudiant %RCF","og_description":"Adh\u00e9rer - Rejoins l'\u00e9quipe d'Unisph\u00e8re ! C'est le moment de t'impliquer et de vivre une exp\u00e9rience enrichissante et de faire ton \u00e9mission.","og_url":"https:\/\/unisphere.ucly.fr\/en\/adherer-deviens-membre-et-rejoins-lequipe-dunisphere\/","og_site_name":"Unisph\u00e8re","article_modified_time":"2025-02-25T19:31:27+00:00","og_image":[{"width":2560,"height":1707,"url":"https:\/\/unisphere.ucly.fr\/wp-content\/uploads\/sites\/30\/2025\/02\/brooke-cagle-uhvrvdr7pg-unsplash-1920x576.jpg","type":"image\/jpeg"}],"twitter_card":"summary_large_image","twitter_misc":{"Est. reading time":"1 minute"},"schema":{"@context":"https:\/\/schema.org","@graph":[{"@type":"WebPage","@id":"https:\/\/unisphere.ucly.fr\/en\/adherer-deviens-membre-et-rejoins-lequipe-dunisphere\/","url":"https:\/\/unisphere.ucly.fr\/en\/adherer-deviens-membre-et-rejoins-lequipe-dunisphere\/","name":"Adh\u00e9rer - Unisph\u00e8re viens membre %Radio %Engagement \u00e9tudiant %RCF","isPartOf":{"@id":"https:\/\/unisphere.ucly.fr\/en\/#website"},"primaryImageOfPage":{"@id":"https:\/\/unisphere.ucly.fr\/en\/adherer-deviens-membre-et-rejoins-lequipe-dunisphere\/#primaryimage"},"image":{"@id":"https:\/\/unisphere.ucly.fr\/en\/adherer-deviens-membre-et-rejoins-lequipe-dunisphere\/#primaryimage"},"thumbnailUrl":"https:\/\/unisphere.ucly.fr\/wp-content\/uploads\/sites\/30\/2025\/02\/brooke-cagle-uhvrvdr7pg-unsplash-1920x576.jpg","datePublished":"2025-02-15T16:59:18+00:00","dateModified":"2025-02-25T19:31:27+00:00","description":"Adh\u00e9rer - Rejoins l'\u00e9quipe d'Unisph\u00e8re ! C'est le moment de t'impliquer et de vivre une exp\u00e9rience enrichissante et de faire ton \u00e9mission.","breadcrumb":{"@id":"https:\/\/unisphere.ucly.fr\/en\/adherer-deviens-membre-et-rejoins-lequipe-dunisphere\/#breadcrumb"},"inLanguage":"en-US","potentialAction":[{"@type":"ReadAction","target":["https:\/\/unisphere.ucly.fr\/en\/adherer-deviens-membre-et-rejoins-lequipe-dunisphere\/"]}]},{"@type":"ImageObject","inLanguage":"en-US","@id":"https:\/\/unisphere.ucly.fr\/en\/adherer-deviens-membre-et-rejoins-lequipe-dunisphere\/#primaryimage","url":"https:\/\/unisphere.ucly.fr\/wp-content\/uploads\/sites\/30\/2025\/02\/brooke-cagle-uhvrvdr7pg-unsplash-1920x576.jpg","contentUrl":"https:\/\/unisphere.ucly.fr\/wp-content\/uploads\/sites\/30\/2025\/02\/brooke-cagle-uhvrvdr7pg-unsplash-1920x576.jpg","width":2560,"height":1707},{"@type":"BreadcrumbList","@id":"https:\/\/unisphere.ucly.fr\/en\/adherer-deviens-membre-et-rejoins-lequipe-dunisphere\/#breadcrumb","itemListElement":[{"@type":"ListItem","position":1,"name":"Accueil","item":"https:\/\/unisphere.ucly.fr\/en\/"},{"@type":"ListItem","position":2,"name":"Adh\u00e9rer"}]},{"@type":"WebSite","@id":"https:\/\/unisphere.ucly.fr\/en\/#website","url":"https:\/\/unisphere.ucly.fr\/en\/","name":"Unisph\u00e8re","description":"","publisher":{"@id":"https:\/\/unisphere.ucly.fr\/en\/#organization"},"potentialAction":[{"@type":"SearchAction","target":{"@type":"EntryPoint","urlTemplate":"https:\/\/unisphere.ucly.fr\/en\/?s={search_term_string}"},"query-input":{"@type":"PropertyValueSpecification","valueRequired":true,"valueName":"search_term_string"}}],"inLanguage":"en-US"},{"@type":"Organization","@id":"https:\/\/unisphere.ucly.fr\/en\/#organization","name":"Unisph\u00e8re","url":"https:\/\/unisphere.ucly.fr\/en\/","logo":{"@type":"ImageObject","inLanguage":"en-US","@id":"https:\/\/unisphere.ucly.fr\/en\/#\/schema\/logo\/image\/","url":"https:\/\/unisphere.ucly.fr\/wp-content\/uploads\/sites\/30\/2020\/03\/unisphere-micro.png","contentUrl":"https:\/\/unisphere.ucly.fr\/wp-content\/uploads\/sites\/30\/2020\/03\/unisphere-micro.png","width":512,"height":512,"caption":"Unisph\u00e8re"},"image":{"@id":"https:\/\/unisphere.ucly.fr\/en\/#\/schema\/logo\/image\/"}}]}},"_links":{"self":[{"href":"https:\/\/unisphere.ucly.fr\/en\/wp-json\/wp\/v2\/pages\/10428","targetHints":{"allow":["GET"]}}],"collection":[{"href":"https:\/\/unisphere.ucly.fr\/en\/wp-json\/wp\/v2\/pages"}],"about":[{"href":"https:\/\/unisphere.ucly.fr\/en\/wp-json\/wp\/v2\/types\/page"}],"author":[{"embeddable":true,"href":"https:\/\/unisphere.ucly.fr\/en\/wp-json\/wp\/v2\/users\/270"}],"replies":[{"embeddable":true,"href":"https:\/\/unisphere.ucly.fr\/en\/wp-json\/wp\/v2\/comments?post=10428"}],"version-history":[{"count":38,"href":"https:\/\/unisphere.ucly.fr\/en\/wp-json\/wp\/v2\/pages\/10428\/revisions"}],"predecessor-version":[{"id":10710,"href":"https:\/\/unisphere.ucly.fr\/en\/wp-json\/wp\/v2\/pages\/10428\/revisions\/10710"}],"wp:featuredmedia":[{"embeddable":true,"href":"https:\/\/unisphere.ucly.fr\/en\/wp-json\/wp\/v2\/media\/10523"}],"wp:attachment":[{"href":"https:\/\/unisphere.ucly.fr\/en\/wp-json\/wp\/v2\/media?parent=10428"}],"curies":[{"name":"wp","href":"https:\/\/api.w.org\/{rel}","templated":true}]}}