{"id":7974,"date":"2020-03-10T11:37:22","date_gmt":"2020-03-10T10:37:22","guid":{"rendered":"https:\/\/unisphere.ucly.fr\/?page_id=7974"},"modified":"2025-02-25T20:34:22","modified_gmt":"2025-02-25T19:34:22","slug":"nous-connaitre","status":"publish","type":"page","link":"https:\/\/unisphere.ucly.fr\/en\/nous-connaitre\/","title":{"rendered":"Prendre contact"},"content":{"rendered":"<h2 class=\"wp-block-heading\">Une question ?<\/h2><p>Que se soit pour obtenir des informations, proposer une collaboration ou adh\u00e9rer \u00e0 l'association, nous sommes \u00e0 ton \u00e9coute!<\/p><p>Remplis le formulaire ci-dessous ou \u00e9cris-nous directement \u00e0 radio.unisph\u00e8re@outlook.com, nous te r\u00e9pondrons au plus vite!<\/p><div class=\"wp-block-formidable-form js-fade-scroll\">\n\n    <link rel='stylesheet' id='formidable-css' href='https:\/\/unisphere.ucly.fr\/wp-content\/plugins\/formidable\/css\/formidableforms30.css?ver=231538' type='text\/css' media='all' \/>\n<div class=\"frm_forms  with_frm_style frm_style_style-formidable\" id=\"frm_form_53_container\" data-token=\"fdfe719a799b3f18b9cfd4a62f02e61a\">\n<form enctype=\"multipart\/form-data\" method=\"post\" class=\"frm-show-form  frm_pro_form \" id=\"form_contact-us\" data-token=\"fdfe719a799b3f18b9cfd4a62f02e61a\">\n<div class=\"frm_form_fields \">\n<fieldset>\n<legend class=\"frm_screen_reader\">Contact Us<\/legend>\r\n\r\n<div class=\"frm_fields_container\">\n<input type=\"hidden\" name=\"frm_action\" value=\"create\" \/>\n<input type=\"hidden\" name=\"form_id\" value=\"53\" \/>\n<input type=\"hidden\" name=\"frm_hide_fields_53\" id=\"frm_hide_fields_53\" value=\"\" \/>\n<input type=\"hidden\" name=\"form_key\" value=\"contact-us\" \/>\n<input type=\"hidden\" name=\"item_meta[0]\" value=\"\" \/>\n<input type=\"hidden\" id=\"frm_submit_entry_53\" name=\"frm_submit_entry_53\" value=\"35bae323ad\" \/><input type=\"hidden\" name=\"_wp_http_referer\" value=\"\/en\/wp-json\/wp\/v2\/pages\/7974\" \/><div id=\"frm_field_449_container\" class=\"frm_form_field form-field  frm_required_field frm_top_container frm_first frm_half\">\n\t<label for=\"field_qh4icy2\" id=\"field_qh4icy2_label\" class=\"frm_primary_label\">Nom\n\t\t<span class=\"frm_required\" aria-hidden=\"true\">*<\/span>\n\t<\/label>\n\t<input type=\"text\" id=\"field_qh4icy2\" name=\"item_meta[449]\" value=\"\"  data-reqmsg=\"Veuillez remplir ce champ\" aria-required=\"true\" data-invmsg=\"Nom est non valide\" aria-invalid=\"false\"   aria-describedby=\"frm_desc_field_qh4icy2\"\/>\n\t<div class=\"frm_description\" id=\"frm_desc_field_qh4icy2\">First<\/div>\n\t\n<\/div>\n<div id=\"frm_field_450_container\" class=\"frm_form_field form-field  frm_required_field frm_hidden_container frm_half\">\n\t<label for=\"field_ocfup12\" id=\"field_ocfup12_label\" class=\"frm_primary_label\">Pr\u00e9nom\n\t\t<span class=\"frm_required\" aria-hidden=\"true\">*<\/span>\n\t<\/label>\n\t<input type=\"text\" id=\"field_ocfup12\" name=\"item_meta[450]\" value=\"\"  data-reqmsg=\"Veuillez remplir ce champ\" aria-required=\"true\" data-invmsg=\"Pr\u00e9nom est non valide\" aria-invalid=\"false\"   aria-describedby=\"frm_desc_field_ocfup12\"\/>\n\t<div class=\"frm_description\" id=\"frm_desc_field_ocfup12\">Last<\/div>\n\t\n<\/div>\n<div id=\"frm_field_451_container\" class=\"frm_form_field form-field  frm_required_field frm_top_container frm_full\">\n\t<label for=\"field_29yf4d2\" id=\"field_29yf4d2_label\" class=\"frm_primary_label\">Email\n\t\t<span class=\"frm_required\" aria-hidden=\"true\">*<\/span>\n\t<\/label>\n\t<input type=\"email\" id=\"field_29yf4d2\" name=\"item_meta[451]\" value=\"\"  data-reqmsg=\"Veuillez remplir ce champ\" aria-required=\"true\" data-invmsg=\"Please enter a valid email address\" aria-invalid=\"false\"  \/>\n\t\n\t\n<\/div>\n<div id=\"frm_field_465_container\" class=\"frm_form_field form-field  frm_required_field frm_top_container\">\n\t<label for=\"field_a9lbl\" id=\"field_a9lbl_label\" class=\"frm_primary_label\">Facult\u00e9\n\t\t<span class=\"frm_required\" aria-hidden=\"true\">*<\/span>\n\t<\/label>\n\t\t\t<select name=\"item_meta[465]\" id=\"field_a9lbl\"  data-reqmsg=\"Veuillez remplir ce champ\" aria-required=\"true\" data-invmsg=\"Facult\u00e9 is invalid\" aria-invalid=\"false\"  >\n\t\t<option  value=\"\" selected='selected'> <\/option><option  value=\"Lettres et langues\">Lettres et langues<\/option><option  value=\"Philosophie, psychologie et \u00e9ducation\">Philosophie, psychologie et \u00e9ducation<\/option><option  value=\"Th\u00e9ologie et sciences religieuses\">Th\u00e9ologie et sciences religieuses<\/option><option  value=\"Sciences \u00e9conomiques et management\">Sciences \u00e9conomiques et management<\/option><option  value=\"Sciences et sant\u00e9\">Sciences et sant\u00e9<\/option><option  value=\"Sciences juridiques, politiques et sociales\">Sciences juridiques, politiques et sociales<\/option>\t<\/select>\n\t\n\t\n\t\n<\/div>\n<div id=\"frm_field_461_container\" class=\"frm_form_field form-field  frm_required_field frm_top_container frm_other_container\">\n\t<label for=\"field_obfcl\" id=\"field_obfcl_label\" class=\"frm_primary_label\">Objet de la demande\n\t\t<span class=\"frm_required\" aria-hidden=\"true\">*<\/span>\n\t<\/label>\n\t\t\t<select name=\"item_meta[461]\" id=\"field_obfcl\"  data-reqmsg=\"Veuillez remplir ce champ\" aria-required=\"true\" data-invmsg=\"Objet de la demande is invalid\" aria-invalid=\"false\"  >\n\t\t<option  value=\"\" selected='selected'> <\/option><option  value=\"Inscription \u00e0 l&#039;association\">Inscription \u00e0 l&#039;association<\/option><option  value=\"Devenir partenaire\">Devenir partenaire<\/option><option  value=\"Proposer du contenu\">Proposer du contenu<\/option><option  value=\"Demande d&#039;information \u00e0 propos de l&#039;association\">Demande d&#039;information \u00e0 propos de l&#039;association<\/option><option  value=\"Autre\" class=\"frm_other_trigger\">Autre<\/option>\t<\/select>\n\t<label for=\"field_obfcl-otext\" class=\"frm_screen_reader frm_hidden\">Objet de la demande<\/label><input type=\"text\" id=\"field_obfcl-otext\" class=\"frm_other_input frm_pos_none\"  name=\"item_meta[other][461]\" value=\"\" \/>\n\t\n\t\n<\/div>\n<div id=\"frm_field_453_container\" class=\"frm_form_field form-field  frm_required_field frm_top_container frm_full\">\n\t<label for=\"field_9jv0r12\" id=\"field_9jv0r12_label\" class=\"frm_primary_label\">Message\n\t\t<span class=\"frm_required\" aria-hidden=\"true\">*<\/span>\n\t<\/label>\n\t<textarea name=\"item_meta[453]\" id=\"field_9jv0r12\" rows=\"5\"  data-reqmsg=\"Veuillez remplir ce champ\" aria-required=\"true\" data-invmsg=\"Message est non valide\" aria-invalid=\"false\"  ><\/textarea>\n\t\n\t\n<\/div>\n<div id=\"frm_field_459_container\" class=\"frm_form_field form-field \">\n\t<div class=\"frm_submit\">\r\n\r\n<button class=\"frm_button_submit frm_final_submit\" type=\"submit\"   formnovalidate=\"formnovalidate\">Envoyer<\/button>\r\n\r\n<\/div>\n<\/div>\n\t<input type=\"hidden\" name=\"item_key\" value=\"\" \/>\n\t\t\t\t<div class=\"frm__653a37f4a0de7\">\n\t\t\t\t<label for=\"frm_email_53\" >\n\t\t\t\t\tIf you are human, leave this field blank.\t\t\t\t<\/label>\n\t\t\t\t<input  id=\"frm_email_53\" type=\"text\" class=\"frm_verify\" name=\"frm__653a37f4a0de7\" value=\"\" autocomplete=\"off\"  \/>\n\t\t\t<\/div>\n\t\t<input name=\"frm_state\" type=\"hidden\" value=\"pnVPoMokTov0MwAIMlWCDiuAACZ7llzlYckMu+kosiQ=\" \/><\/div>\n<\/fieldset>\n<\/div>\n\n<\/form>\n<\/div>\n\n  <\/div>","protected":false},"excerpt":{"rendered":"<p>Une question ?Que se soit pour obtenir des informations, proposer une collaboration ou adh\u00e9rer \u00e0 l&#8217;association, nous sommes \u00e0 ton \u00e9coute!Remplis le formulaire ci-dessous [&hellip;]<\/p>\n","protected":false},"author":270,"featured_media":10573,"parent":0,"menu_order":7,"comment_status":"closed","ping_status":"closed","template":"","meta":{"_acf_changed":false,"footnotes":""},"class_list":["post-7974","page","type-page","status-publish","has-post-thumbnail","hentry"],"acf":[],"yoast_head":"<!-- This site is optimized with the Yoast SEO plugin v24.1 - https:\/\/yoast.com\/wordpress\/plugins\/seo\/ -->\n<title>Prendre contact - Webradio \u00e9tudiante de l&#039;UCLy - Unisph\u00e8re<\/title>\n<meta name=\"description\" content=\"La section &quot;prendre contact&quot; est l\u00e0 pour t&#039;aider \u00e0 entrer en relation avec nous. Que se soit pour nous rejoindre ou pour une question.\" \/>\n<meta name=\"robots\" content=\"index, follow, max-snippet:-1, max-image-preview:large, max-video-preview:-1\" \/>\n<link rel=\"canonical\" href=\"https:\/\/unisphere.ucly.fr\/en\/nous-connaitre\/\" \/>\n<meta property=\"og:locale\" content=\"en_US\" \/>\n<meta property=\"og:type\" content=\"article\" \/>\n<meta property=\"og:title\" content=\"Prendre contact - Webradio \u00e9tudiante de l&#039;UCLy - Unisph\u00e8re\" \/>\n<meta property=\"og:description\" content=\"La section &quot;prendre contact&quot; est l\u00e0 pour t&#039;aider \u00e0 entrer en relation avec nous. Que se soit pour nous rejoindre ou pour une question.\" \/>\n<meta property=\"og:url\" content=\"https:\/\/unisphere.ucly.fr\/en\/nous-connaitre\/\" \/>\n<meta property=\"og:site_name\" content=\"Unisph\u00e8re\" \/>\n<meta property=\"article:modified_time\" content=\"2025-02-25T19:34:22+00:00\" \/>\n<meta property=\"og:image\" content=\"https:\/\/unisphere.ucly.fr\/wp-content\/uploads\/sites\/30\/2025\/02\/firmbee-com-spvhcbuki6e-unsplash-1920x576.jpg\" \/>\n\t<meta property=\"og:image:width\" content=\"2560\" \/>\n\t<meta property=\"og:image:height\" content=\"1700\" \/>\n\t<meta property=\"og:image:type\" content=\"image\/jpeg\" \/>\n<meta name=\"twitter:card\" content=\"summary_large_image\" \/>\n<meta name=\"twitter:label1\" content=\"Est. reading time\" \/>\n\t<meta name=\"twitter:data1\" content=\"1 minute\" \/>\n<script type=\"application\/ld+json\" class=\"yoast-schema-graph\">{\"@context\":\"https:\/\/schema.org\",\"@graph\":[{\"@type\":\"WebPage\",\"@id\":\"https:\/\/unisphere.ucly.fr\/en\/nous-connaitre\/\",\"url\":\"https:\/\/unisphere.ucly.fr\/en\/nous-connaitre\/\",\"name\":\"Prendre contact - Webradio \u00e9tudiante de l'UCLy - Unisph\u00e8re\",\"isPartOf\":{\"@id\":\"https:\/\/unisphere.ucly.fr\/en\/#website\"},\"primaryImageOfPage\":{\"@id\":\"https:\/\/unisphere.ucly.fr\/en\/nous-connaitre\/#primaryimage\"},\"image\":{\"@id\":\"https:\/\/unisphere.ucly.fr\/en\/nous-connaitre\/#primaryimage\"},\"thumbnailUrl\":\"https:\/\/unisphere.ucly.fr\/wp-content\/uploads\/sites\/30\/2025\/02\/firmbee-com-spvhcbuki6e-unsplash-1920x576.jpg\",\"datePublished\":\"2020-03-10T10:37:22+00:00\",\"dateModified\":\"2025-02-25T19:34:22+00:00\",\"description\":\"La section \\\"prendre contact\\\" est l\u00e0 pour t'aider \u00e0 entrer en relation avec nous. Que se soit pour nous rejoindre ou pour une question.\",\"breadcrumb\":{\"@id\":\"https:\/\/unisphere.ucly.fr\/en\/nous-connaitre\/#breadcrumb\"},\"inLanguage\":\"en-US\",\"potentialAction\":[{\"@type\":\"ReadAction\",\"target\":[\"https:\/\/unisphere.ucly.fr\/en\/nous-connaitre\/\"]}]},{\"@type\":\"ImageObject\",\"inLanguage\":\"en-US\",\"@id\":\"https:\/\/unisphere.ucly.fr\/en\/nous-connaitre\/#primaryimage\",\"url\":\"https:\/\/unisphere.ucly.fr\/wp-content\/uploads\/sites\/30\/2025\/02\/firmbee-com-spvhcbuki6e-unsplash-1920x576.jpg\",\"contentUrl\":\"https:\/\/unisphere.ucly.fr\/wp-content\/uploads\/sites\/30\/2025\/02\/firmbee-com-spvhcbuki6e-unsplash-1920x576.jpg\",\"width\":2560,\"height\":1700},{\"@type\":\"BreadcrumbList\",\"@id\":\"https:\/\/unisphere.ucly.fr\/en\/nous-connaitre\/#breadcrumb\",\"itemListElement\":[{\"@type\":\"ListItem\",\"position\":1,\"name\":\"Accueil\",\"item\":\"https:\/\/unisphere.ucly.fr\/en\/\"},{\"@type\":\"ListItem\",\"position\":2,\"name\":\"Prendre contact\"}]},{\"@type\":\"WebSite\",\"@id\":\"https:\/\/unisphere.ucly.fr\/en\/#website\",\"url\":\"https:\/\/unisphere.ucly.fr\/en\/\",\"name\":\"Unisph\u00e8re\",\"description\":\"\",\"publisher\":{\"@id\":\"https:\/\/unisphere.ucly.fr\/en\/#organization\"},\"potentialAction\":[{\"@type\":\"SearchAction\",\"target\":{\"@type\":\"EntryPoint\",\"urlTemplate\":\"https:\/\/unisphere.ucly.fr\/en\/?s={search_term_string}\"},\"query-input\":{\"@type\":\"PropertyValueSpecification\",\"valueRequired\":true,\"valueName\":\"search_term_string\"}}],\"inLanguage\":\"en-US\"},{\"@type\":\"Organization\",\"@id\":\"https:\/\/unisphere.ucly.fr\/en\/#organization\",\"name\":\"Unisph\u00e8re\",\"url\":\"https:\/\/unisphere.ucly.fr\/en\/\",\"logo\":{\"@type\":\"ImageObject\",\"inLanguage\":\"en-US\",\"@id\":\"https:\/\/unisphere.ucly.fr\/en\/#\/schema\/logo\/image\/\",\"url\":\"https:\/\/unisphere.ucly.fr\/wp-content\/uploads\/sites\/30\/2020\/03\/unisphere-micro.png\",\"contentUrl\":\"https:\/\/unisphere.ucly.fr\/wp-content\/uploads\/sites\/30\/2020\/03\/unisphere-micro.png\",\"width\":512,\"height\":512,\"caption\":\"Unisph\u00e8re\"},\"image\":{\"@id\":\"https:\/\/unisphere.ucly.fr\/en\/#\/schema\/logo\/image\/\"}}]}<\/script>\n<!-- \/ Yoast SEO plugin. -->","yoast_head_json":{"title":"Prendre contact - Webradio \u00e9tudiante de l'UCLy - Unisph\u00e8re","description":"La section \"prendre contact\" est l\u00e0 pour t'aider \u00e0 entrer en relation avec nous. Que se soit pour nous rejoindre ou pour une question.","robots":{"index":"index","follow":"follow","max-snippet":"max-snippet:-1","max-image-preview":"max-image-preview:large","max-video-preview":"max-video-preview:-1"},"canonical":"https:\/\/unisphere.ucly.fr\/en\/nous-connaitre\/","og_locale":"en_US","og_type":"article","og_title":"Prendre contact - Webradio \u00e9tudiante de l'UCLy - Unisph\u00e8re","og_description":"La section \"prendre contact\" est l\u00e0 pour t'aider \u00e0 entrer en relation avec nous. Que se soit pour nous rejoindre ou pour une question.","og_url":"https:\/\/unisphere.ucly.fr\/en\/nous-connaitre\/","og_site_name":"Unisph\u00e8re","article_modified_time":"2025-02-25T19:34:22+00:00","og_image":[{"width":2560,"height":1700,"url":"https:\/\/unisphere.ucly.fr\/wp-content\/uploads\/sites\/30\/2025\/02\/firmbee-com-spvhcbuki6e-unsplash-1920x576.jpg","type":"image\/jpeg"}],"twitter_card":"summary_large_image","twitter_misc":{"Est. reading time":"1 minute"},"schema":{"@context":"https:\/\/schema.org","@graph":[{"@type":"WebPage","@id":"https:\/\/unisphere.ucly.fr\/en\/nous-connaitre\/","url":"https:\/\/unisphere.ucly.fr\/en\/nous-connaitre\/","name":"Prendre contact - Webradio \u00e9tudiante de l'UCLy - Unisph\u00e8re","isPartOf":{"@id":"https:\/\/unisphere.ucly.fr\/en\/#website"},"primaryImageOfPage":{"@id":"https:\/\/unisphere.ucly.fr\/en\/nous-connaitre\/#primaryimage"},"image":{"@id":"https:\/\/unisphere.ucly.fr\/en\/nous-connaitre\/#primaryimage"},"thumbnailUrl":"https:\/\/unisphere.ucly.fr\/wp-content\/uploads\/sites\/30\/2025\/02\/firmbee-com-spvhcbuki6e-unsplash-1920x576.jpg","datePublished":"2020-03-10T10:37:22+00:00","dateModified":"2025-02-25T19:34:22+00:00","description":"La section \"prendre contact\" est l\u00e0 pour t'aider \u00e0 entrer en relation avec nous. Que se soit pour nous rejoindre ou pour une question.","breadcrumb":{"@id":"https:\/\/unisphere.ucly.fr\/en\/nous-connaitre\/#breadcrumb"},"inLanguage":"en-US","potentialAction":[{"@type":"ReadAction","target":["https:\/\/unisphere.ucly.fr\/en\/nous-connaitre\/"]}]},{"@type":"ImageObject","inLanguage":"en-US","@id":"https:\/\/unisphere.ucly.fr\/en\/nous-connaitre\/#primaryimage","url":"https:\/\/unisphere.ucly.fr\/wp-content\/uploads\/sites\/30\/2025\/02\/firmbee-com-spvhcbuki6e-unsplash-1920x576.jpg","contentUrl":"https:\/\/unisphere.ucly.fr\/wp-content\/uploads\/sites\/30\/2025\/02\/firmbee-com-spvhcbuki6e-unsplash-1920x576.jpg","width":2560,"height":1700},{"@type":"BreadcrumbList","@id":"https:\/\/unisphere.ucly.fr\/en\/nous-connaitre\/#breadcrumb","itemListElement":[{"@type":"ListItem","position":1,"name":"Accueil","item":"https:\/\/unisphere.ucly.fr\/en\/"},{"@type":"ListItem","position":2,"name":"Prendre contact"}]},{"@type":"WebSite","@id":"https:\/\/unisphere.ucly.fr\/en\/#website","url":"https:\/\/unisphere.ucly.fr\/en\/","name":"Unisph\u00e8re","description":"","publisher":{"@id":"https:\/\/unisphere.ucly.fr\/en\/#organization"},"potentialAction":[{"@type":"SearchAction","target":{"@type":"EntryPoint","urlTemplate":"https:\/\/unisphere.ucly.fr\/en\/?s={search_term_string}"},"query-input":{"@type":"PropertyValueSpecification","valueRequired":true,"valueName":"search_term_string"}}],"inLanguage":"en-US"},{"@type":"Organization","@id":"https:\/\/unisphere.ucly.fr\/en\/#organization","name":"Unisph\u00e8re","url":"https:\/\/unisphere.ucly.fr\/en\/","logo":{"@type":"ImageObject","inLanguage":"en-US","@id":"https:\/\/unisphere.ucly.fr\/en\/#\/schema\/logo\/image\/","url":"https:\/\/unisphere.ucly.fr\/wp-content\/uploads\/sites\/30\/2020\/03\/unisphere-micro.png","contentUrl":"https:\/\/unisphere.ucly.fr\/wp-content\/uploads\/sites\/30\/2020\/03\/unisphere-micro.png","width":512,"height":512,"caption":"Unisph\u00e8re"},"image":{"@id":"https:\/\/unisphere.ucly.fr\/en\/#\/schema\/logo\/image\/"}}]}},"_links":{"self":[{"href":"https:\/\/unisphere.ucly.fr\/en\/wp-json\/wp\/v2\/pages\/7974","targetHints":{"allow":["GET"]}}],"collection":[{"href":"https:\/\/unisphere.ucly.fr\/en\/wp-json\/wp\/v2\/pages"}],"about":[{"href":"https:\/\/unisphere.ucly.fr\/en\/wp-json\/wp\/v2\/types\/page"}],"author":[{"embeddable":true,"href":"https:\/\/unisphere.ucly.fr\/en\/wp-json\/wp\/v2\/users\/270"}],"replies":[{"embeddable":true,"href":"https:\/\/unisphere.ucly.fr\/en\/wp-json\/wp\/v2\/comments?post=7974"}],"version-history":[{"count":53,"href":"https:\/\/unisphere.ucly.fr\/en\/wp-json\/wp\/v2\/pages\/7974\/revisions"}],"predecessor-version":[{"id":10711,"href":"https:\/\/unisphere.ucly.fr\/en\/wp-json\/wp\/v2\/pages\/7974\/revisions\/10711"}],"wp:featuredmedia":[{"embeddable":true,"href":"https:\/\/unisphere.ucly.fr\/en\/wp-json\/wp\/v2\/media\/10573"}],"wp:attachment":[{"href":"https:\/\/unisphere.ucly.fr\/en\/wp-json\/wp\/v2\/media?parent=7974"}],"curies":[{"name":"wp","href":"https:\/\/api.w.org\/{rel}","templated":true}]}}