{"id":9013,"date":"2020-10-19T12:16:50","date_gmt":"2020-10-19T10:16:50","guid":{"rendered":"https:\/\/unisphere.ucly.fr\/?page_id=9013"},"modified":"2025-02-25T20:33:34","modified_gmt":"2025-02-25T19:33:34","slug":"nous-connaitre-2","status":"publish","type":"page","link":"https:\/\/unisphere.ucly.fr\/en\/nous-connaitre-2\/","title":{"rendered":"Nous conna\u00eetre"},"content":{"rendered":"<h2 class=\"wp-block-heading\">Cr\u00e9e par des \u00e9tudiants<\/h2><p>La webradio <strong>Unisph\u00e8re<\/strong> s'est impos\u00e9e comme un acteur clef de la vie \u00e9tudiante. Depuis sa fondation en 2015, elle permet aux \u00e9tudiants de s'exprimer sur des sujets vari\u00e9s tout en d\u00e9veloppant leur comp\u00e9tence en animation, technique et journalisme.<\/p><div class=\"wp-block-separator js-fade-scroll\"><\/div><h2 class=\"wp-block-heading\">Notre histoire<\/h2><p>Les partenariats d'Unisph\u00e8re se sont d\u00e9velopp\u00e9s au fils des ans pour enrichir ses projets et offrir davantage d'opportunit\u00e9s aux membres.<\/p><div class=\"wp-block-list js-fade-scroll\">\n  <p class=\"wp-block-list-title\">Parmi les partenariats cl\u00e9s<\/p>\n  <div class=\"wp-block-list-intro\"><\/div>\n\n          <a class=\"wp-block-list-item\" href=\"https:\/\/www.ucly.fr\/\" title=\"UCLy\" target=\"\" >\n      \n        <div class=\"wp-block-list-item-title\">l'Ucly<\/div>\n        <div class=\"wp-block-list-item-intro\"><p>pour participer \u00e0 la vie de l&#8217;universit\u00e9.<\/p>\n<\/div>\n\n                <span class=\"wp-block-list-item-link\">\n            <span class=\"icon-more\"><\/span>\n          <\/span>\n        <\/a>\n                  <a class=\"wp-block-list-item\" href=\"https:\/\/www.rcf.fr\/lyon\" title=\"RCF\" target=\"\" >\n      \n        <div class=\"wp-block-list-item-title\">RCF Lyon<\/div>\n        <div class=\"wp-block-list-item-intro\"><p>qui permet une immersion professionnelle pour les membres de la radio<\/p>\n<\/div>\n\n                <span class=\"wp-block-list-item-link\">\n            <span class=\"icon-more\"><\/span>\n          <\/span>\n        <\/a>\n                  <a class=\"wp-block-list-item\" href=\"https:\/\/www.ucly.fr\/vie-etudiante\/vie-associative\/associations-des-etudiants-de-lucly\/the-new-locals\/\" title=\"The New Locals\" target=\"\" >\n      \n        <div class=\"wp-block-list-item-title\">The New Locals<\/div>\n        <div class=\"wp-block-list-item-intro\"><p>pour des actions \u00e9co-responsables.<\/p>\n<\/div>\n\n                <span class=\"wp-block-list-item-link\">\n            <span class=\"icon-more\"><\/span>\n          <\/span>\n        <\/a>\n                  <a class=\"wp-block-list-item\" href=\"https:\/\/www.baldelucly.fr\/\" title=\"Le bal\" target=\"\" >\n      \n        <div class=\"wp-block-list-item-title\">la F\u00e9d\u00e9 K'to<\/div>\n        <div class=\"wp-block-list-item-intro\"><p>Pour des \u00e9v\u00e9nements \u00e9tudiants comme le bal de l&#8217;Ucly.<\/p>\n<\/div>\n\n                <span class=\"wp-block-list-item-link\">\n            <span class=\"icon-more\"><\/span>\n          <\/span>\n        <\/a>\n          <\/div><div class=\"wp-block-separator js-fade-scroll\"><\/div><h2 class=\"wp-block-heading\">D\u00e9couvre nos \u00e9missions !<\/h2><p>Unisph\u00e8re propose une large vari\u00e9t\u00e9 d'\u00e9missions cr\u00e9es par et pour les \u00e9tudiants. Nos \u00e9missions sont l'occasion pour nos membres de partager leurs id\u00e9es, d\u00e9battre et d'approfondir des sujets qui te concernent directement.<\/p><div class=\"wp-block-mosaic js-fade-scroll\">\n      <p class=\"wp-block-mosaic-title\">La s\u00e9lection de nos \u00e9tudiants<\/p>\n  \n      <div class=\"row wp-block-mosaic-row\">\n              <div class=\"column small-12 medium-6 large-3\">\n\n                      <a class=\"wp-block-mosaic-item has-link\" href=\"https:\/\/unisphere.ucly.fr\/la-pellicule-souvenirs-denfance-du-cinema\/\" title=\"La Pellicule\" target=\"\">\n          \n            <div class=\"wp-block-mosaic-item-image\">\n              <img loading=\"lazy\" decoding=\"async\" width=\"500\" height=\"500\" src=\"https:\/\/unisphere.ucly.fr\/wp-content\/uploads\/sites\/30\/2023\/02\/image-1.png\" class=\"attachment-cross size-cross\" alt=\"\" srcset=\"https:\/\/unisphere.ucly.fr\/wp-content\/uploads\/sites\/30\/2023\/02\/image-1.png 500w, https:\/\/unisphere.ucly.fr\/wp-content\/uploads\/sites\/30\/2023\/02\/image-1-150x150.png 150w, https:\/\/unisphere.ucly.fr\/wp-content\/uploads\/sites\/30\/2023\/02\/image-1-140x140.png 140w\" sizes=\"auto, (max-width: 500px) 100vw, 500px\" \/>            <\/div>\n\n            <div class=\"wp-block-mosaic-item-title\"><\/div>\n\n            <div class=\"wp-block-mosaic-item-intro\"><\/div>\n\n                          <span class=\"button dark wp-block-mosaic-item-button\">La Pellicule<\/span>\n            \n                      <\/a>\n                  <\/div>\n              <div class=\"column small-12 medium-6 large-3\">\n\n                      <a class=\"wp-block-mosaic-item has-link\" href=\"https:\/\/unisphere.ucly.fr\/mythes-legendes-bellerophon-la-chimere\/\" title=\"Mythes et L\u00e9gendes\" target=\"\">\n          \n            <div class=\"wp-block-mosaic-item-image\">\n              <img loading=\"lazy\" decoding=\"async\" width=\"225\" height=\"225\" src=\"https:\/\/unisphere.ucly.fr\/wp-content\/uploads\/sites\/30\/2024\/03\/images.jpg\" class=\"attachment-cross size-cross\" alt=\"\" srcset=\"https:\/\/unisphere.ucly.fr\/wp-content\/uploads\/sites\/30\/2024\/03\/images.jpg 225w, https:\/\/unisphere.ucly.fr\/wp-content\/uploads\/sites\/30\/2024\/03\/images-150x150.jpg 150w, https:\/\/unisphere.ucly.fr\/wp-content\/uploads\/sites\/30\/2024\/03\/images-140x140.jpg 140w\" sizes=\"auto, (max-width: 225px) 100vw, 225px\" \/>            <\/div>\n\n            <div class=\"wp-block-mosaic-item-title\"><\/div>\n\n            <div class=\"wp-block-mosaic-item-intro\"><\/div>\n\n                          <span class=\"button dark wp-block-mosaic-item-button\">Mythes et L\u00e9gendes<\/span>\n            \n                      <\/a>\n                  <\/div>\n              <div class=\"column small-12 medium-6 large-3\">\n\n                      <a class=\"wp-block-mosaic-item has-link\" href=\"https:\/\/unisphere.ucly.fr\/unisport-lhistoire-du-grand-prix-de-f1\/\" title=\"Unisport\" target=\"\">\n          \n            <div class=\"wp-block-mosaic-item-image\">\n              <img loading=\"lazy\" decoding=\"async\" width=\"500\" height=\"500\" src=\"https:\/\/unisphere.ucly.fr\/wp-content\/uploads\/sites\/30\/2023\/02\/img-20230215-wa0018.jpg\" class=\"attachment-cross size-cross\" alt=\"\" srcset=\"https:\/\/unisphere.ucly.fr\/wp-content\/uploads\/sites\/30\/2023\/02\/img-20230215-wa0018.jpg 500w, https:\/\/unisphere.ucly.fr\/wp-content\/uploads\/sites\/30\/2023\/02\/img-20230215-wa0018-150x150.jpg 150w, https:\/\/unisphere.ucly.fr\/wp-content\/uploads\/sites\/30\/2023\/02\/img-20230215-wa0018-140x140.jpg 140w\" sizes=\"auto, (max-width: 500px) 100vw, 500px\" \/>            <\/div>\n\n            <div class=\"wp-block-mosaic-item-title\"><\/div>\n\n            <div class=\"wp-block-mosaic-item-intro\"><\/div>\n\n                          <span class=\"button dark wp-block-mosaic-item-button\">Unisport<\/span>\n            \n                      <\/a>\n                  <\/div>\n              <div class=\"column small-12 medium-6 large-3\">\n\n                      <a class=\"wp-block-mosaic-item has-link\" href=\"https:\/\/unisphere.ucly.fr\/le-monde-vous-regarde-lhistoire-de-la-republique-turque\/\" title=\"Le monde vous regarde\" target=\"\">\n          \n            <div class=\"wp-block-mosaic-item-image\">\n              <img loading=\"lazy\" decoding=\"async\" width=\"500\" height=\"500\" src=\"https:\/\/unisphere.ucly.fr\/wp-content\/uploads\/sites\/30\/2025\/02\/1677005546432.jpg\" class=\"attachment-cross size-cross\" alt=\"\" srcset=\"https:\/\/unisphere.ucly.fr\/wp-content\/uploads\/sites\/30\/2025\/02\/1677005546432.jpg 500w, https:\/\/unisphere.ucly.fr\/wp-content\/uploads\/sites\/30\/2025\/02\/1677005546432-150x150.jpg 150w, https:\/\/unisphere.ucly.fr\/wp-content\/uploads\/sites\/30\/2025\/02\/1677005546432-140x140.jpg 140w, https:\/\/unisphere.ucly.fr\/wp-content\/uploads\/sites\/30\/2025\/02\/1677005546432-494x494.jpg 494w, https:\/\/unisphere.ucly.fr\/wp-content\/uploads\/sites\/30\/2025\/02\/1677005546432-100x100.jpg 100w\" sizes=\"auto, (max-width: 500px) 100vw, 500px\" \/>            <\/div>\n\n            <div class=\"wp-block-mosaic-item-title\"><\/div>\n\n            <div class=\"wp-block-mosaic-item-intro\"><\/div>\n\n                          <span class=\"button dark wp-block-mosaic-item-button\">Le monde vous regarde<\/span>\n            \n                      <\/a>\n                  <\/div>\n              <div class=\"column small-12 medium-6 large-3\">\n\n                      <a class=\"wp-block-mosaic-item has-link\" href=\"https:\/\/unisphere.ucly.fr\/preface-annie-ernaux\/\" title=\"Pr\u00e9face\" target=\"\">\n          \n            <div class=\"wp-block-mosaic-item-image\">\n              <img loading=\"lazy\" decoding=\"async\" width=\"630\" height=\"570\" src=\"https:\/\/unisphere.ucly.fr\/wp-content\/uploads\/sites\/30\/2025\/02\/artworks-hdpfmnfgxlmdgcqd-hyptna-t1080x1080-630x570.jpg\" class=\"attachment-cross size-cross\" alt=\"\" \/>            <\/div>\n\n            <div class=\"wp-block-mosaic-item-title\"><\/div>\n\n            <div class=\"wp-block-mosaic-item-intro\"><\/div>\n\n                          <span class=\"button dark wp-block-mosaic-item-button\">Pr\u00e9face<\/span>\n            \n                      <\/a>\n                  <\/div>\n              <div class=\"column small-12 medium-6 large-3\">\n\n                      <a class=\"wp-block-mosaic-item has-link\" href=\"https:\/\/unisphere.ucly.fr\/une-etudiante-au-tribunal-laffaire-axelle-dorier\/\" title=\"Une \u00e9tudiante au tribunal\" target=\"\">\n          \n            <div class=\"wp-block-mosaic-item-image\">\n              <img loading=\"lazy\" decoding=\"async\" width=\"630\" height=\"570\" src=\"https:\/\/unisphere.ucly.fr\/wp-content\/uploads\/sites\/30\/2025\/02\/international-justice-day-social-media-template-630x570.jpg\" class=\"attachment-cross size-cross\" alt=\"\" \/>            <\/div>\n\n            <div class=\"wp-block-mosaic-item-title\"><\/div>\n\n            <div class=\"wp-block-mosaic-item-intro\"><\/div>\n\n                          <span class=\"button dark wp-block-mosaic-item-button\">Une \u00e9tudiante au tribunal<\/span>\n            \n                      <\/a>\n                  <\/div>\n              <div class=\"column small-12 medium-6 large-3\">\n\n                      <a class=\"wp-block-mosaic-item has-link\" href=\"https:\/\/unisphere.ucly.fr\/philosophons-paul-ricoeur-raconte-par-emmanuel-boissieu\/\" title=\"Philosophons\" target=\"\">\n          \n            <div class=\"wp-block-mosaic-item-image\">\n              <img loading=\"lazy\" decoding=\"async\" width=\"500\" height=\"500\" src=\"https:\/\/unisphere.ucly.fr\/wp-content\/uploads\/sites\/30\/2025\/02\/philosophons.jpg\" class=\"attachment-cross size-cross\" alt=\"\" srcset=\"https:\/\/unisphere.ucly.fr\/wp-content\/uploads\/sites\/30\/2025\/02\/philosophons.jpg 500w, https:\/\/unisphere.ucly.fr\/wp-content\/uploads\/sites\/30\/2025\/02\/philosophons-150x150.jpg 150w, https:\/\/unisphere.ucly.fr\/wp-content\/uploads\/sites\/30\/2025\/02\/philosophons-140x140.jpg 140w, https:\/\/unisphere.ucly.fr\/wp-content\/uploads\/sites\/30\/2025\/02\/philosophons-494x494.jpg 494w, https:\/\/unisphere.ucly.fr\/wp-content\/uploads\/sites\/30\/2025\/02\/philosophons-100x100.jpg 100w\" sizes=\"auto, (max-width: 500px) 100vw, 500px\" \/>            <\/div>\n\n            <div class=\"wp-block-mosaic-item-title\"><\/div>\n\n            <div class=\"wp-block-mosaic-item-intro\"><\/div>\n\n                          <span class=\"button dark wp-block-mosaic-item-button\">Philosophons<\/span>\n            \n                      <\/a>\n                  <\/div>\n              <div class=\"column small-12 medium-6 large-3\">\n\n                      <a class=\"wp-block-mosaic-item has-link\" href=\"https:\/\/unisphere.ucly.fr\/politico-la-reforme-des-retraites\/\" title=\"Politico\" target=\"\">\n          \n            <div class=\"wp-block-mosaic-item-image\">\n              <img loading=\"lazy\" decoding=\"async\" width=\"500\" height=\"500\" src=\"https:\/\/unisphere.ucly.fr\/wp-content\/uploads\/sites\/30\/2025\/02\/politico.jpg\" class=\"attachment-cross size-cross\" alt=\"\" srcset=\"https:\/\/unisphere.ucly.fr\/wp-content\/uploads\/sites\/30\/2025\/02\/politico.jpg 500w, https:\/\/unisphere.ucly.fr\/wp-content\/uploads\/sites\/30\/2025\/02\/politico-150x150.jpg 150w, https:\/\/unisphere.ucly.fr\/wp-content\/uploads\/sites\/30\/2025\/02\/politico-140x140.jpg 140w, https:\/\/unisphere.ucly.fr\/wp-content\/uploads\/sites\/30\/2025\/02\/politico-494x494.jpg 494w, https:\/\/unisphere.ucly.fr\/wp-content\/uploads\/sites\/30\/2025\/02\/politico-100x100.jpg 100w\" sizes=\"auto, (max-width: 500px) 100vw, 500px\" \/>            <\/div>\n\n            <div class=\"wp-block-mosaic-item-title\"><\/div>\n\n            <div class=\"wp-block-mosaic-item-intro\"><\/div>\n\n                          <span class=\"button dark wp-block-mosaic-item-button\">Politico<\/span>\n            \n                      <\/a>\n                  <\/div>\n              <div class=\"column small-12 medium-6 large-3\">\n\n                      <a class=\"wp-block-mosaic-item has-link\" href=\"https:\/\/unisphere.ucly.fr\/ucly-actu-bde-de-la-faculte-de-droit\/\" title=\"UCLy Actu\" target=\"\">\n          \n            <div class=\"wp-block-mosaic-item-image\">\n              <img loading=\"lazy\" decoding=\"async\" width=\"500\" height=\"500\" src=\"https:\/\/unisphere.ucly.fr\/wp-content\/uploads\/sites\/30\/2025\/02\/ucly-actu-1.jpg\" class=\"attachment-cross size-cross\" alt=\"\" srcset=\"https:\/\/unisphere.ucly.fr\/wp-content\/uploads\/sites\/30\/2025\/02\/ucly-actu-1.jpg 500w, https:\/\/unisphere.ucly.fr\/wp-content\/uploads\/sites\/30\/2025\/02\/ucly-actu-1-150x150.jpg 150w, https:\/\/unisphere.ucly.fr\/wp-content\/uploads\/sites\/30\/2025\/02\/ucly-actu-1-140x140.jpg 140w, https:\/\/unisphere.ucly.fr\/wp-content\/uploads\/sites\/30\/2025\/02\/ucly-actu-1-494x494.jpg 494w, https:\/\/unisphere.ucly.fr\/wp-content\/uploads\/sites\/30\/2025\/02\/ucly-actu-1-100x100.jpg 100w\" sizes=\"auto, (max-width: 500px) 100vw, 500px\" \/>            <\/div>\n\n            <div class=\"wp-block-mosaic-item-title\"><\/div>\n\n            <div class=\"wp-block-mosaic-item-intro\"><\/div>\n\n                          <span class=\"button dark wp-block-mosaic-item-button\">UCLy Actu<\/span>\n            \n                      <\/a>\n                  <\/div>\n          <\/div>\n  <\/div><div class=\"wp-block-separator js-fade-scroll\"><\/div><h2 class=\"wp-block-heading\">Le Bureau Unisph\u00e8re<\/h2><p>A chaque rentr\u00e9e universitaire, Unisph\u00e8re \u00e9lit un nouveau bureau compos\u00e9 d'\u00e9tudiants d\u00e9vou\u00e9s issus de diverses filli\u00e8res. Ses membres accompagnent les \u00e9tudiants souhaitant concr\u00e9tiser leur projet de podcast et d'\u00e9missions, en leur offrant soutient et encadrement tout au long de leur projets.<\/p><div class=\"wp-block-cross-cpt\">\n      <\/div><p><\/p>","protected":false},"excerpt":{"rendered":"<p>Cr\u00e9e par des \u00e9tudiantsLa webradio Unisph\u00e8re s&#8217;est impos\u00e9e comme un acteur clef de la vie \u00e9tudiante. Depuis sa fondation en 2015, elle permet aux [&hellip;]<\/p>\n","protected":false},"author":152,"featured_media":10581,"parent":0,"menu_order":6,"comment_status":"closed","ping_status":"closed","template":"","meta":{"_acf_changed":false,"footnotes":""},"class_list":["post-9013","page","type-page","status-publish","has-post-thumbnail","hentry"],"acf":[],"yoast_head":"<!-- This site is optimized with the Yoast SEO plugin v24.1 - https:\/\/yoast.com\/wordpress\/plugins\/seo\/ -->\n<title>Nous conna\u00eetre - Unisph\u00e8re<\/title>\n<meta name=\"description\" content=\"Nous conna\u00eetre - Cr\u00e9e par des \u00e9tudiantsLa webradio Unisph\u00e8re s&#039;est impos\u00e9e comme un acteur clef de la vie \u00e9tudiante.\" \/>\n<meta name=\"robots\" content=\"index, follow, max-snippet:-1, max-image-preview:large, max-video-preview:-1\" \/>\n<link rel=\"canonical\" href=\"https:\/\/unisphere.ucly.fr\/en\/nous-connaitre-2\/\" \/>\n<meta property=\"og:locale\" content=\"en_US\" \/>\n<meta property=\"og:type\" content=\"article\" \/>\n<meta property=\"og:title\" content=\"Nous conna\u00eetre - Unisph\u00e8re\" \/>\n<meta property=\"og:description\" content=\"Nous conna\u00eetre - Cr\u00e9e par des \u00e9tudiantsLa webradio Unisph\u00e8re s&#039;est impos\u00e9e comme un acteur clef de la vie \u00e9tudiante.\" \/>\n<meta property=\"og:url\" content=\"https:\/\/unisphere.ucly.fr\/en\/nous-connaitre-2\/\" \/>\n<meta property=\"og:site_name\" content=\"Unisph\u00e8re\" \/>\n<meta property=\"article:modified_time\" content=\"2025-02-25T19:33:34+00:00\" \/>\n<meta property=\"og:image\" content=\"https:\/\/unisphere.ucly.fr\/wp-content\/uploads\/sites\/30\/2025\/02\/markus-winkler-afw1hht0nss-unsplash-1920x576.jpg\" \/>\n\t<meta property=\"og:image:width\" content=\"2560\" \/>\n\t<meta property=\"og:image:height\" content=\"1707\" \/>\n\t<meta property=\"og:image:type\" content=\"image\/jpeg\" \/>\n<meta name=\"twitter:card\" content=\"summary_large_image\" \/>\n<meta name=\"twitter:label1\" content=\"Est. reading time\" \/>\n\t<meta name=\"twitter:data1\" content=\"1 minute\" \/>\n<script type=\"application\/ld+json\" class=\"yoast-schema-graph\">{\"@context\":\"https:\/\/schema.org\",\"@graph\":[{\"@type\":\"WebPage\",\"@id\":\"https:\/\/unisphere.ucly.fr\/en\/nous-connaitre-2\/\",\"url\":\"https:\/\/unisphere.ucly.fr\/en\/nous-connaitre-2\/\",\"name\":\"Nous conna\u00eetre - Unisph\u00e8re\",\"isPartOf\":{\"@id\":\"https:\/\/unisphere.ucly.fr\/en\/#website\"},\"primaryImageOfPage\":{\"@id\":\"https:\/\/unisphere.ucly.fr\/en\/nous-connaitre-2\/#primaryimage\"},\"image\":{\"@id\":\"https:\/\/unisphere.ucly.fr\/en\/nous-connaitre-2\/#primaryimage\"},\"thumbnailUrl\":\"https:\/\/unisphere.ucly.fr\/wp-content\/uploads\/sites\/30\/2025\/02\/markus-winkler-afw1hht0nss-unsplash-1920x576.jpg\",\"datePublished\":\"2020-10-19T10:16:50+00:00\",\"dateModified\":\"2025-02-25T19:33:34+00:00\",\"description\":\"Nous conna\u00eetre - Cr\u00e9e par des \u00e9tudiantsLa webradio Unisph\u00e8re s'est impos\u00e9e comme un acteur clef de la vie \u00e9tudiante.\",\"breadcrumb\":{\"@id\":\"https:\/\/unisphere.ucly.fr\/en\/nous-connaitre-2\/#breadcrumb\"},\"inLanguage\":\"en-US\",\"potentialAction\":[{\"@type\":\"ReadAction\",\"target\":[\"https:\/\/unisphere.ucly.fr\/en\/nous-connaitre-2\/\"]}]},{\"@type\":\"ImageObject\",\"inLanguage\":\"en-US\",\"@id\":\"https:\/\/unisphere.ucly.fr\/en\/nous-connaitre-2\/#primaryimage\",\"url\":\"https:\/\/unisphere.ucly.fr\/wp-content\/uploads\/sites\/30\/2025\/02\/markus-winkler-afw1hht0nss-unsplash-1920x576.jpg\",\"contentUrl\":\"https:\/\/unisphere.ucly.fr\/wp-content\/uploads\/sites\/30\/2025\/02\/markus-winkler-afw1hht0nss-unsplash-1920x576.jpg\",\"width\":2560,\"height\":1707},{\"@type\":\"BreadcrumbList\",\"@id\":\"https:\/\/unisphere.ucly.fr\/en\/nous-connaitre-2\/#breadcrumb\",\"itemListElement\":[{\"@type\":\"ListItem\",\"position\":1,\"name\":\"Accueil\",\"item\":\"https:\/\/unisphere.ucly.fr\/en\/\"},{\"@type\":\"ListItem\",\"position\":2,\"name\":\"Nous conna\u00eetre\"}]},{\"@type\":\"WebSite\",\"@id\":\"https:\/\/unisphere.ucly.fr\/en\/#website\",\"url\":\"https:\/\/unisphere.ucly.fr\/en\/\",\"name\":\"Unisph\u00e8re\",\"description\":\"\",\"publisher\":{\"@id\":\"https:\/\/unisphere.ucly.fr\/en\/#organization\"},\"potentialAction\":[{\"@type\":\"SearchAction\",\"target\":{\"@type\":\"EntryPoint\",\"urlTemplate\":\"https:\/\/unisphere.ucly.fr\/en\/?s={search_term_string}\"},\"query-input\":{\"@type\":\"PropertyValueSpecification\",\"valueRequired\":true,\"valueName\":\"search_term_string\"}}],\"inLanguage\":\"en-US\"},{\"@type\":\"Organization\",\"@id\":\"https:\/\/unisphere.ucly.fr\/en\/#organization\",\"name\":\"Unisph\u00e8re\",\"url\":\"https:\/\/unisphere.ucly.fr\/en\/\",\"logo\":{\"@type\":\"ImageObject\",\"inLanguage\":\"en-US\",\"@id\":\"https:\/\/unisphere.ucly.fr\/en\/#\/schema\/logo\/image\/\",\"url\":\"https:\/\/unisphere.ucly.fr\/wp-content\/uploads\/sites\/30\/2020\/03\/unisphere-micro.png\",\"contentUrl\":\"https:\/\/unisphere.ucly.fr\/wp-content\/uploads\/sites\/30\/2020\/03\/unisphere-micro.png\",\"width\":512,\"height\":512,\"caption\":\"Unisph\u00e8re\"},\"image\":{\"@id\":\"https:\/\/unisphere.ucly.fr\/en\/#\/schema\/logo\/image\/\"}}]}<\/script>\n<!-- \/ Yoast SEO plugin. -->","yoast_head_json":{"title":"Nous conna\u00eetre - Unisph\u00e8re","description":"Nous conna\u00eetre - Cr\u00e9e par des \u00e9tudiantsLa webradio Unisph\u00e8re s'est impos\u00e9e comme un acteur clef de la vie \u00e9tudiante.","robots":{"index":"index","follow":"follow","max-snippet":"max-snippet:-1","max-image-preview":"max-image-preview:large","max-video-preview":"max-video-preview:-1"},"canonical":"https:\/\/unisphere.ucly.fr\/en\/nous-connaitre-2\/","og_locale":"en_US","og_type":"article","og_title":"Nous conna\u00eetre - Unisph\u00e8re","og_description":"Nous conna\u00eetre - Cr\u00e9e par des \u00e9tudiantsLa webradio Unisph\u00e8re s'est impos\u00e9e comme un acteur clef de la vie \u00e9tudiante.","og_url":"https:\/\/unisphere.ucly.fr\/en\/nous-connaitre-2\/","og_site_name":"Unisph\u00e8re","article_modified_time":"2025-02-25T19:33:34+00:00","og_image":[{"width":2560,"height":1707,"url":"https:\/\/unisphere.ucly.fr\/wp-content\/uploads\/sites\/30\/2025\/02\/markus-winkler-afw1hht0nss-unsplash-1920x576.jpg","type":"image\/jpeg"}],"twitter_card":"summary_large_image","twitter_misc":{"Est. reading time":"1 minute"},"schema":{"@context":"https:\/\/schema.org","@graph":[{"@type":"WebPage","@id":"https:\/\/unisphere.ucly.fr\/en\/nous-connaitre-2\/","url":"https:\/\/unisphere.ucly.fr\/en\/nous-connaitre-2\/","name":"Nous conna\u00eetre - Unisph\u00e8re","isPartOf":{"@id":"https:\/\/unisphere.ucly.fr\/en\/#website"},"primaryImageOfPage":{"@id":"https:\/\/unisphere.ucly.fr\/en\/nous-connaitre-2\/#primaryimage"},"image":{"@id":"https:\/\/unisphere.ucly.fr\/en\/nous-connaitre-2\/#primaryimage"},"thumbnailUrl":"https:\/\/unisphere.ucly.fr\/wp-content\/uploads\/sites\/30\/2025\/02\/markus-winkler-afw1hht0nss-unsplash-1920x576.jpg","datePublished":"2020-10-19T10:16:50+00:00","dateModified":"2025-02-25T19:33:34+00:00","description":"Nous conna\u00eetre - Cr\u00e9e par des \u00e9tudiantsLa webradio Unisph\u00e8re s'est impos\u00e9e comme un acteur clef de la vie \u00e9tudiante.","breadcrumb":{"@id":"https:\/\/unisphere.ucly.fr\/en\/nous-connaitre-2\/#breadcrumb"},"inLanguage":"en-US","potentialAction":[{"@type":"ReadAction","target":["https:\/\/unisphere.ucly.fr\/en\/nous-connaitre-2\/"]}]},{"@type":"ImageObject","inLanguage":"en-US","@id":"https:\/\/unisphere.ucly.fr\/en\/nous-connaitre-2\/#primaryimage","url":"https:\/\/unisphere.ucly.fr\/wp-content\/uploads\/sites\/30\/2025\/02\/markus-winkler-afw1hht0nss-unsplash-1920x576.jpg","contentUrl":"https:\/\/unisphere.ucly.fr\/wp-content\/uploads\/sites\/30\/2025\/02\/markus-winkler-afw1hht0nss-unsplash-1920x576.jpg","width":2560,"height":1707},{"@type":"BreadcrumbList","@id":"https:\/\/unisphere.ucly.fr\/en\/nous-connaitre-2\/#breadcrumb","itemListElement":[{"@type":"ListItem","position":1,"name":"Accueil","item":"https:\/\/unisphere.ucly.fr\/en\/"},{"@type":"ListItem","position":2,"name":"Nous conna\u00eetre"}]},{"@type":"WebSite","@id":"https:\/\/unisphere.ucly.fr\/en\/#website","url":"https:\/\/unisphere.ucly.fr\/en\/","name":"Unisph\u00e8re","description":"","publisher":{"@id":"https:\/\/unisphere.ucly.fr\/en\/#organization"},"potentialAction":[{"@type":"SearchAction","target":{"@type":"EntryPoint","urlTemplate":"https:\/\/unisphere.ucly.fr\/en\/?s={search_term_string}"},"query-input":{"@type":"PropertyValueSpecification","valueRequired":true,"valueName":"search_term_string"}}],"inLanguage":"en-US"},{"@type":"Organization","@id":"https:\/\/unisphere.ucly.fr\/en\/#organization","name":"Unisph\u00e8re","url":"https:\/\/unisphere.ucly.fr\/en\/","logo":{"@type":"ImageObject","inLanguage":"en-US","@id":"https:\/\/unisphere.ucly.fr\/en\/#\/schema\/logo\/image\/","url":"https:\/\/unisphere.ucly.fr\/wp-content\/uploads\/sites\/30\/2020\/03\/unisphere-micro.png","contentUrl":"https:\/\/unisphere.ucly.fr\/wp-content\/uploads\/sites\/30\/2020\/03\/unisphere-micro.png","width":512,"height":512,"caption":"Unisph\u00e8re"},"image":{"@id":"https:\/\/unisphere.ucly.fr\/en\/#\/schema\/logo\/image\/"}}]}},"_links":{"self":[{"href":"https:\/\/unisphere.ucly.fr\/en\/wp-json\/wp\/v2\/pages\/9013","targetHints":{"allow":["GET"]}}],"collection":[{"href":"https:\/\/unisphere.ucly.fr\/en\/wp-json\/wp\/v2\/pages"}],"about":[{"href":"https:\/\/unisphere.ucly.fr\/en\/wp-json\/wp\/v2\/types\/page"}],"author":[{"embeddable":true,"href":"https:\/\/unisphere.ucly.fr\/en\/wp-json\/wp\/v2\/users\/152"}],"replies":[{"embeddable":true,"href":"https:\/\/unisphere.ucly.fr\/en\/wp-json\/wp\/v2\/comments?post=9013"}],"version-history":[{"count":49,"href":"https:\/\/unisphere.ucly.fr\/en\/wp-json\/wp\/v2\/pages\/9013\/revisions"}],"predecessor-version":[{"id":10660,"href":"https:\/\/unisphere.ucly.fr\/en\/wp-json\/wp\/v2\/pages\/9013\/revisions\/10660"}],"wp:featuredmedia":[{"embeddable":true,"href":"https:\/\/unisphere.ucly.fr\/en\/wp-json\/wp\/v2\/media\/10581"}],"wp:attachment":[{"href":"https:\/\/unisphere.ucly.fr\/en\/wp-json\/wp\/v2\/media?parent=9013"}],"curies":[{"name":"wp","href":"https:\/\/api.w.org\/{rel}","templated":true}]}}